{"id":193,"date":"2025-05-25T13:09:35","date_gmt":"2025-05-25T13:09:35","guid":{"rendered":"https:\/\/interco-ug.de\/casa\/"},"modified":"2025-08-03T15:50:40","modified_gmt":"2025-08-03T15:50:40","slug":"casa","status":"publish","type":"page","link":"https:\/\/interco-ug.de\/it\/","title":{"rendered":"Home"},"content":{"rendered":"\n<p>Come rivenditori di un&#8217;ampia gamma di prodotti esclusivi, abbiamo iniziato a vivere la nostra passione per i prodotti italiani di tipo speciale e unici nella nostra attivit\u00e0.<\/p>\n\n<p>Lavoriamo esclusivamente con aziende a conduzione familiare per le quali il loro prodotto \u00e8 qualcosa di molto speciale. Sia perch\u00e9 il prodotto \u00e8 unico o di qualit\u00e0 superiore rispetto a quelli delle grandi aziende.<\/p>\n\n<p>Di seguito presentiamo le aziende familiari e i loro prodotti.<\/p>\n","protected":false},"excerpt":{"rendered":"<p>Come rivenditori di un&#8217;ampia gamma di prodotti esclusivi, abbiamo iniziato a vivere la nostra passione per i prodotti italiani di tipo speciale e unici nella nostra attivit\u00e0. Lavoriamo esclusivamente con aziende a conduzione familiare per le quali il loro prodotto \u00e8 qualcosa di molto speciale. Sia perch\u00e9 il prodotto \u00e8 unico o di qualit\u00e0 superiore [&hellip;]<\/p>\n","protected":false},"author":1,"featured_media":0,"parent":0,"menu_order":0,"comment_status":"closed","ping_status":"closed","template":"","meta":{"_acf_changed":false,"footnotes":""},"class_list":["post-193","page","type-page","status-publish","hentry"],"acf":[],"_links":{"self":[{"href":"https:\/\/interco-ug.de\/it\/wp-json\/wp\/v2\/pages\/193","targetHints":{"allow":["GET"]}}],"collection":[{"href":"https:\/\/interco-ug.de\/it\/wp-json\/wp\/v2\/pages"}],"about":[{"href":"https:\/\/interco-ug.de\/it\/wp-json\/wp\/v2\/types\/page"}],"author":[{"embeddable":true,"href":"https:\/\/interco-ug.de\/it\/wp-json\/wp\/v2\/users\/1"}],"replies":[{"embeddable":true,"href":"https:\/\/interco-ug.de\/it\/wp-json\/wp\/v2\/comments?post=193"}],"version-history":[{"count":4,"href":"https:\/\/interco-ug.de\/it\/wp-json\/wp\/v2\/pages\/193\/revisions"}],"predecessor-version":[{"id":255,"href":"https:\/\/interco-ug.de\/it\/wp-json\/wp\/v2\/pages\/193\/revisions\/255"}],"wp:attachment":[{"href":"https:\/\/interco-ug.de\/it\/wp-json\/wp\/v2\/media?parent=193"}],"curies":[{"name":"wp","href":"https:\/\/api.w.org\/{rel}","templated":true}]}}